{"id":111,"date":"2025-08-03T21:10:56","date_gmt":"2025-08-03T19:10:56","guid":{"rendered":"https:\/\/hhitxpress.de\/?page_id=111"},"modified":"2025-11-11T08:15:24","modified_gmt":"2025-11-11T07:15:24","slug":"kontakt","status":"publish","type":"page","link":"https:\/\/hhitxpress.de\/tr\/kontakt\/","title":{"rendered":"\u0130leti\u015fim"},"content":{"rendered":"\n<div class=\"wpcf7 no-js\" id=\"wpcf7-f88-o1\" lang=\"de-DE\" dir=\"ltr\" data-wpcf7-id=\"88\">\n<div class=\"screen-reader-response\"><p role=\"status\" aria-live=\"polite\" aria-atomic=\"true\"><\/p> <ul><\/ul><\/div>\n<form action=\"\/tr\/wp-json\/wp\/v2\/pages\/111#wpcf7-f88-o1\" method=\"post\" class=\"wpcf7-form init\" aria-label=\"Kontaktformular\" enctype=\"multipart\/form-data\" novalidate=\"novalidate\" data-status=\"init\">\n<fieldset class=\"hidden-fields-container\"><input type=\"hidden\" name=\"_wpcf7\" value=\"88\" \/><input type=\"hidden\" name=\"_wpcf7_version\" value=\"6.1.5\" \/><input type=\"hidden\" name=\"_wpcf7_locale\" value=\"de_DE\" \/><input type=\"hidden\" name=\"_wpcf7_unit_tag\" value=\"wpcf7-f88-o1\" \/><input type=\"hidden\" name=\"_wpcf7_container_post\" value=\"0\" \/><input type=\"hidden\" name=\"_wpcf7_posted_data_hash\" value=\"\" \/><input type=\"hidden\" name=\"lang\" value=\"tr\" \/>\n<\/fieldset>\n<p><label> \u015eirket (iste\u011fe ba\u011fl\u0131)<br \/>\n<span class=\"wpcf7-form-control-wrap\" data-name=\"your-company\"><input size=\"40\" maxlength=\"400\" class=\"wpcf7-form-control wpcf7-text\" aria-invalid=\"false\" value=\"\" type=\"text\" name=\"your-company\" \/><\/span> <\/label>\n<\/p>\n<p><label> Ad\u0131n\u0131z Soyad\u0131n\u0131z (zorunlu)<br \/>\n<span class=\"wpcf7-form-control-wrap\" data-name=\"your-name\"><input size=\"40\" maxlength=\"400\" class=\"wpcf7-form-control wpcf7-text wpcf7-validates-as-required\" aria-required=\"true\" aria-invalid=\"false\" value=\"\" type=\"text\" name=\"your-name\" \/><\/span> <\/label>\n<\/p>\n<p><label> Sokak, bina numaras\u0131 (zorunlu)<br \/>\n<span class=\"wpcf7-form-control-wrap\" data-name=\"text-65\"><input size=\"40\" maxlength=\"400\" class=\"wpcf7-form-control wpcf7-text wpcf7-validates-as-required\" aria-required=\"true\" aria-invalid=\"false\" value=\"Sokak, Bina Numaras\u0131\" type=\"text\" name=\"text-65\" \/><\/span><\/label>\n<\/p>\n<p><label> Posta kodu, \u015fehir (zorunlu)<br \/>\n<span class=\"wpcf7-form-control-wrap\" data-name=\"text-728\"><input size=\"40\" maxlength=\"400\" class=\"wpcf7-form-control wpcf7-text wpcf7-validates-as-required\" aria-required=\"true\" aria-invalid=\"false\" value=\"Posta Kodu, \u015eehir\" type=\"text\" name=\"text-728\" \/><\/span><\/label>\n<\/p>\n<p><label> E-posta adresiniz (zorunlu)<br \/>\n<span class=\"wpcf7-form-control-wrap\" data-name=\"your-email\"><input size=\"40\" maxlength=\"400\" class=\"wpcf7-form-control wpcf7-email wpcf7-validates-as-required wpcf7-text wpcf7-validates-as-email\" aria-required=\"true\" aria-invalid=\"false\" value=\"\" type=\"email\" name=\"your-email\" \/><\/span> <\/label>\n<\/p>\n<p><label> Telefon numaran\u0131z (zorunlu)<br \/>\n<span class=\"wpcf7-form-control-wrap\" data-name=\"tel-846\"><input size=\"40\" maxlength=\"400\" class=\"wpcf7-form-control wpcf7-tel wpcf7-text wpcf7-validates-as-tel\" aria-invalid=\"false\" value=\"Telefon Numaras\u0131\" type=\"tel\" name=\"tel-846\" \/><\/span> <\/label>\n<\/p>\n<p><label> Mesaj\u0131n\u0131z \/ Notunuz<br \/>\n<span class=\"wpcf7-form-control-wrap\" data-name=\"your-message\"><textarea cols=\"40\" rows=\"10\" maxlength=\"2000\" class=\"wpcf7-form-control wpcf7-textarea\" aria-invalid=\"false\" name=\"your-message\"><\/textarea><\/span> <\/label>\n<\/p>\n<p><label> \ud83d\udcce Ek dosya (\u00f6rne\u011fin i\u015fletme belgesi, ekran g\u00f6r\u00fcnt\u00fcs\u00fc) \u2013 maks. 30 MB<br \/>\n<span class=\"wpcf7-form-control-wrap\" data-name=\"your-file\"><input size=\"40\" class=\"wpcf7-form-control wpcf7-file\" accept=\".pdf,.jpg,.jpeg,.png\" aria-invalid=\"false\" type=\"file\" name=\"your-file\" \/><\/span> <\/label>\n<\/p>\n<p><span class=\"wpcf7-form-control-wrap\" data-name=\"acceptance-101\"><span class=\"wpcf7-form-control wpcf7-acceptance\"><span class=\"wpcf7-list-item\"><label><input type=\"checkbox\" name=\"acceptance-101\" value=\"1\" aria-invalid=\"false\" \/><span class=\"wpcf7-list-item-label\">Verilerimin talebimin i\u015flenmesi amac\u0131yla kullan\u0131lmas\u0131na izin veriyorum. <a href=\"\/tr\/datenschutzerklaerung\" target=\"_blank\">Gizlilik Politikas\u0131n\u0131<\/a> okudum.<\/span><\/label><\/span><\/span><\/span>\n<\/p>\n<p><span class=\"wpcf7-form-control-wrap\" data-name=\"acceptance-789\"><span class=\"wpcf7-form-control wpcf7-acceptance\"><span class=\"wpcf7-list-item\"><label><input type=\"checkbox\" name=\"acceptance-789\" value=\"1\" aria-invalid=\"false\" \/><span class=\"wpcf7-list-item-label\">hhitxpress.de i\u015fletmecisinin benimle hem telefon hem de e-posta yoluyla ileti\u015fime ge\u00e7mesine izin veriyorum.<\/span><\/label><\/span><\/span><\/span>\n<\/p>\n<p><input class=\"wpcf7-form-control wpcf7-submit has-spinner\" type=\"submit\" value=\"Eri\u015fim Talep Et\" \/>\n<\/p><div class=\"wpcf7-response-output\" aria-hidden=\"true\"><\/div>\n<\/form>\n<\/div>\n\n","protected":false},"excerpt":{"rendered":"","protected":false},"author":1,"featured_media":0,"parent":0,"menu_order":0,"comment_status":"closed","ping_status":"closed","template":"","meta":{"footnotes":""},"class_list":["post-111","page","type-page","status-publish","hentry"],"_links":{"self":[{"href":"https:\/\/hhitxpress.de\/tr\/wp-json\/wp\/v2\/pages\/111","targetHints":{"allow":["GET"]}}],"collection":[{"href":"https:\/\/hhitxpress.de\/tr\/wp-json\/wp\/v2\/pages"}],"about":[{"href":"https:\/\/hhitxpress.de\/tr\/wp-json\/wp\/v2\/types\/page"}],"author":[{"embeddable":true,"href":"https:\/\/hhitxpress.de\/tr\/wp-json\/wp\/v2\/users\/1"}],"replies":[{"embeddable":true,"href":"https:\/\/hhitxpress.de\/tr\/wp-json\/wp\/v2\/comments?post=111"}],"version-history":[{"count":3,"href":"https:\/\/hhitxpress.de\/tr\/wp-json\/wp\/v2\/pages\/111\/revisions"}],"predecessor-version":[{"id":267,"href":"https:\/\/hhitxpress.de\/tr\/wp-json\/wp\/v2\/pages\/111\/revisions\/267"}],"wp:attachment":[{"href":"https:\/\/hhitxpress.de\/tr\/wp-json\/wp\/v2\/media?parent=111"}],"curies":[{"name":"wp","href":"https:\/\/api.w.org\/{rel}","templated":true}]}}