{"id":13,"date":"2025-07-05T06:29:52","date_gmt":"2025-07-05T04:29:52","guid":{"rendered":"http:\/\/localhost:8888\/fbx\/front_page\/"},"modified":"2025-11-24T23:24:37","modified_gmt":"2025-11-24T22:24:37","slug":"front_page","status":"publish","type":"page","link":"https:\/\/hhitxpress.de\/tr\/","title":{"rendered":"Anasayfa"},"content":{"rendered":"\n<p><strong>Profesyonel BT Hizmeti \u2013 Almanya genelinde &#038; uzaktan<\/strong><\/p>\n\n\n\n<p><strong>HHITxpress.de<\/strong>, Hamburg\u2019un liman kentinden gelen esnek <strong>BT orta\u011f\u0131n\u0131zd\u0131r.<\/strong><br>\nHizmet verdi\u011fimiz alanlar: \u015eirketler, serbest \u00e7al\u0131\u015fanlar, resmi kurumlar, dernekler ve e\u011fitim kurumlar\u0131.<br>\n\u0130ster yerinde ister uzaktan ba\u011flant\u0131 ile \u2013 sistemlerinizin sorunsuz \u00e7al\u0131\u015fmas\u0131n\u0131, cihazlar\u0131n\u0131z\u0131n her an kullan\u0131ma haz\u0131r olmas\u0131n\u0131 ve BT altyap\u0131n\u0131z\u0131n bir sorun yuma\u011f\u0131na d\u00f6n\u00fc\u015fmemesini sa\u011fl\u0131yoruz.<\/p>\n\n\n\n<p><strong>Hizmetlerimiz Genel Bak\u0131\u015f:<\/strong><\/p>\n\n\n\n<p>\ud83d\udd27 <strong>Onar\u0131m &#038; Bak\u0131m:<\/strong> Apple cihazlar\u0131, Windows PC&#8217;ler ve diz\u00fcst\u00fc bilgisayarlar \u2013 SSD ve RAM y\u00fckseltmeleri dahil<br>\n\u26a0\ufe0f <strong>\u00d6nemli:<\/strong> Lehimleme i\u015flemleri (\u00f6rne\u011fin lehimli SSD veya RAM\u2019ler) yap\u0131lmamaktad\u0131r.<br>\n\ud83c\udf10 <strong>A\u011f &#038; WLAN:<\/strong> Kurulum, optimizasyon ve ar\u0131za giderme<br>\n\ud83d\udcbe <strong>Veri G\u00fcvenli\u011fi &#038; Yedekleme:<\/strong> Veri kayb\u0131 ve siber sald\u0131r\u0131lara kar\u015f\u0131 koruma<br>\n\ud83d\udda5\ufe0f <strong>Mobil Cihaz Y\u00f6netimi:<\/strong> \u00d6rne\u011fin JumpCloud, Jamf ile<br>\n\ud83d\udce6 <strong>Donan\u0131m Tedariki &#038; Teslimat:<\/strong> Kurulum ve destek dahil<br>\n\ud83e\uddd1\u200d\ud83d\udcbb <strong>Uzaktan Destek:<\/strong> H\u0131zl\u0131 yard\u0131m \u2013 d\u00fcnya genelinde bile<br>\n\ud83d\udd12 <strong>Yaz\u0131l\u0131m Paketleme &#038; Sertifika Y\u00f6netimi:<\/strong> \u0130mzal\u0131 kurulum paketlerinin olu\u015fturulmas\u0131 ve da\u011f\u0131t\u0131lmas\u0131 (\u00f6r. DMG \u2192 PKG), Gatekeeper kurallar\u0131yla uyumlu g\u00fcvenli macOS entegrasyonu<br>\n\ud83d\udcdd <strong>Bireysel Dan\u0131\u015fmanl\u0131k &#038; Proje Takibi<\/strong><\/p>\n\n\n\n<p><strong>M\u00fc\u015fteriler ve \u0130lgilenenler \u0130\u00e7in \u00d6zel:<\/strong><br>\n\ud83c\udfab \u015eirket sahipleri ve serbest \u00e7al\u0131\u015fanlar i\u00e7in \u015feffaf ileti\u015fim ve verimli i\u015flem sunan <strong>\u00fccretsiz bilet sistemi eri\u015fimi<\/strong><\/p>\n\n\n\n<p>\ud83d\udc49 <strong>Ba\u011flay\u0131c\u0131 olmadan bilgi al\u0131n, hemen ba\u015flay\u0131n:<\/strong><br>\n\u0130leti\u015fim formumuzu kullan\u0131n veya talebinizi i\u015fletme belgesi (<strong>Gewerbeschein<\/strong>) ile birlikte g\u00fcvenli bir \u015fekilde sistemimiz \u00fczerinden g\u00f6nderin.<\/p>\n\n\n\n<p>\ud83d\udcac <strong>Ki\u015fisel. Do\u011frudan. Esnek.<\/strong><br>\nBekleme hatt\u0131 yok, s\u00f6zle\u015fme zorunlulu\u011fu yok \u2013 bunun yerine <strong>ger\u00e7ek BT uzmanl\u0131\u011f\u0131<\/strong> var.<\/p>\n","protected":false},"excerpt":{"rendered":"<p>Profesyonel BT Hizmeti \u2013 Almanya genelinde &#038; uzaktan HHITxpress.de, Hamburg\u2019un liman kentinden gelen esnek BT orta\u011f\u0131n\u0131zd\u0131r. Hizmet verdi\u011fimiz alanlar: \u015eirketler, serbest \u00e7al\u0131\u015fanlar, resmi kurumlar,&#8230;<\/p>\n","protected":false},"author":1,"featured_media":0,"parent":0,"menu_order":0,"comment_status":"closed","ping_status":"closed","template":"","meta":{"footnotes":""},"class_list":["post-13","page","type-page","status-publish","hentry"],"_links":{"self":[{"href":"https:\/\/hhitxpress.de\/tr\/wp-json\/wp\/v2\/pages\/13","targetHints":{"allow":["GET"]}}],"collection":[{"href":"https:\/\/hhitxpress.de\/tr\/wp-json\/wp\/v2\/pages"}],"about":[{"href":"https:\/\/hhitxpress.de\/tr\/wp-json\/wp\/v2\/types\/page"}],"author":[{"embeddable":true,"href":"https:\/\/hhitxpress.de\/tr\/wp-json\/wp\/v2\/users\/1"}],"replies":[{"embeddable":true,"href":"https:\/\/hhitxpress.de\/tr\/wp-json\/wp\/v2\/comments?post=13"}],"version-history":[{"count":21,"href":"https:\/\/hhitxpress.de\/tr\/wp-json\/wp\/v2\/pages\/13\/revisions"}],"predecessor-version":[{"id":305,"href":"https:\/\/hhitxpress.de\/tr\/wp-json\/wp\/v2\/pages\/13\/revisions\/305"}],"wp:attachment":[{"href":"https:\/\/hhitxpress.de\/tr\/wp-json\/wp\/v2\/media?parent=13"}],"curies":[{"name":"wp","href":"https:\/\/api.w.org\/{rel}","templated":true}]}}