{"id":149,"date":"2025-08-05T16:34:32","date_gmt":"2025-08-05T14:34:32","guid":{"rendered":"https:\/\/hhitxpress.de\/?page_id=149"},"modified":"2025-11-11T08:14:00","modified_gmt":"2025-11-11T07:14:00","slug":"kostenvoranschlag","status":"publish","type":"page","link":"https:\/\/hhitxpress.de\/tr\/kostenvoranschlag\/","title":{"rendered":"Fiyat Teklifi"},"content":{"rendered":"\n<h4 class=\"wp-block-heading\">Ba\u011flay\u0131c\u0131 olmayan ve \u00fccretsiz fiyat teklifi talep edin<\/h4>\n\n\n\n<p>BT hizmetleri, teknik destek veya \u00f6zel donan\u0131m ve yaz\u0131l\u0131m \u00e7\u00f6z\u00fcmleri i\u00e7in yakla\u015f\u0131k maliyetleri \u00f6\u011frenmek mi istiyorsunuz?<\/p>\n\n\n\n<p>Sorun de\u011fil \u2013 a\u015fa\u011f\u0131daki formu doldurman\u0131z yeterlidir. Size k\u0131sa s\u00fcre i\u00e7inde \u00fccretsiz ve ba\u011flay\u0131c\u0131 olmayan bir teklif haz\u0131rlayaca\u011f\u0131z.<\/p>\n\n\n\n<p>\ud83d\udd12 Verilerinizi elbette gizli tutuyoruz.<\/p>\n\n\n\n<div class=\"wpcf7 no-js\" id=\"wpcf7-f146-o1\" lang=\"de-DE\" dir=\"ltr\" data-wpcf7-id=\"146\">\n<div class=\"screen-reader-response\"><p role=\"status\" aria-live=\"polite\" aria-atomic=\"true\"><\/p> <ul><\/ul><\/div>\n<form action=\"\/tr\/wp-json\/wp\/v2\/pages\/149#wpcf7-f146-o1\" method=\"post\" class=\"wpcf7-form init\" aria-label=\"Kontaktformular\" enctype=\"multipart\/form-data\" novalidate=\"novalidate\" data-status=\"init\">\n<fieldset class=\"hidden-fields-container\"><input type=\"hidden\" name=\"_wpcf7\" value=\"146\" \/><input type=\"hidden\" name=\"_wpcf7_version\" value=\"6.1.5\" \/><input type=\"hidden\" name=\"_wpcf7_locale\" value=\"de_DE\" \/><input type=\"hidden\" name=\"_wpcf7_unit_tag\" value=\"wpcf7-f146-o1\" \/><input type=\"hidden\" name=\"_wpcf7_container_post\" value=\"0\" \/><input type=\"hidden\" name=\"_wpcf7_posted_data_hash\" value=\"\" \/><input type=\"hidden\" name=\"lang\" value=\"tr\" \/>\n<\/fieldset>\n<p><label>\u015eirket \/ Firma (iste\u011fe ba\u011fl\u0131)<br \/>\n<span class=\"wpcf7-form-control-wrap\" data-name=\"your-company\"><input size=\"40\" maxlength=\"400\" class=\"wpcf7-form-control wpcf7-text\" aria-invalid=\"false\" value=\"\" type=\"text\" name=\"your-company\" \/><\/span><\/label>\n<\/p>\n<p><label>Ad\u0131n\u0131z Soyad\u0131n\u0131z (zorunlu)<br \/>\n<span class=\"wpcf7-form-control-wrap\" data-name=\"your-name\"><input size=\"40\" maxlength=\"400\" class=\"wpcf7-form-control wpcf7-text wpcf7-validates-as-required\" aria-required=\"true\" aria-invalid=\"false\" value=\"\" type=\"text\" name=\"your-name\" \/><\/span><\/label>\n<\/p>\n<p><label>Sokak, bina numaras\u0131 (zorunlu)<br \/>\n<span class=\"wpcf7-form-control-wrap\" data-name=\"text-351\"><input size=\"40\" maxlength=\"400\" class=\"wpcf7-form-control wpcf7-text wpcf7-validates-as-required\" aria-required=\"true\" aria-invalid=\"false\" value=\"Sokak, Bina Numaras\u0131\" type=\"text\" name=\"text-351\" \/><\/span><\/label>\n<\/p>\n<p><label>Posta Kodu, \u015eehir (zorunlu)<br \/>\n<span class=\"wpcf7-form-control-wrap\" data-name=\"text-651\"><input size=\"40\" maxlength=\"400\" class=\"wpcf7-form-control wpcf7-text wpcf7-validates-as-required\" aria-required=\"true\" aria-invalid=\"false\" value=\"Posta Kodu, \u015eehir\" type=\"text\" name=\"text-651\" \/><\/span><\/label>\n<\/p>\n<p><label>E-posta adresiniz (zorunlu)<br \/>\n<span class=\"wpcf7-form-control-wrap\" data-name=\"your-email\"><input size=\"40\" maxlength=\"400\" class=\"wpcf7-form-control wpcf7-email wpcf7-validates-as-required wpcf7-text wpcf7-validates-as-email\" aria-required=\"true\" aria-invalid=\"false\" value=\"\" type=\"email\" name=\"your-email\" \/><\/span><\/label>\n<\/p>\n<p><label>Telefon numaran\u0131z (zorunlu)<br \/>\n<span class=\"wpcf7-form-control-wrap\" data-name=\"your-phone\"><input size=\"40\" maxlength=\"400\" class=\"wpcf7-form-control wpcf7-tel wpcf7-validates-as-required wpcf7-text wpcf7-validates-as-tel\" aria-required=\"true\" aria-invalid=\"false\" value=\"\" type=\"tel\" name=\"your-phone\" \/><\/span><\/label>\n<\/p>\n<p><label>Cihaz \/ Model (zorunlu)<br \/>\n<span class=\"wpcf7-form-control-wrap\" data-name=\"text-497\"><input size=\"40\" maxlength=\"400\" class=\"wpcf7-form-control wpcf7-text wpcf7-validates-as-required\" aria-required=\"true\" aria-invalid=\"false\" value=\"Cihaz \/ Model\" type=\"text\" name=\"text-497\" \/><\/span><\/label>\n<\/p>\n<p><label>Cihaz t\u00fcr\u00fc (iste\u011fe ba\u011fl\u0131, \u00f6nerilir)<br \/>\n<span class=\"wpcf7-form-control-wrap\" data-name=\"text-632\"><input size=\"40\" maxlength=\"400\" class=\"wpcf7-form-control wpcf7-text\" aria-invalid=\"false\" placeholder=\"PC, Ak\u0131ll\u0131 Telefon, Diz\u00fcst\u00fc Bilgisayar...?\" value=\"\" type=\"text\" name=\"text-632\" \/><\/span><\/label>\n<\/p>\n<p><label>Seri numaras\u0131 (iste\u011fe ba\u011fl\u0131, \u00f6nerilir)<br \/>\n<span class=\"wpcf7-form-control-wrap\" data-name=\"text-726\"><input size=\"40\" maxlength=\"400\" class=\"wpcf7-form-control wpcf7-text\" aria-invalid=\"false\" value=\"Seri Numaras\u0131\" type=\"text\" name=\"text-726\" \/><\/span><\/label>\n<\/p>\n<p><label>Konu<br \/>\n<span class=\"wpcf7-form-control-wrap\" data-name=\"your-subject\"><input size=\"40\" maxlength=\"400\" class=\"wpcf7-form-control wpcf7-text wpcf7-validates-as-required\" aria-required=\"true\" aria-invalid=\"false\" value=\"\" type=\"text\" name=\"your-subject\" \/><\/span><\/label>\n<\/p>\n<p><label>Talebiniz \/ Proje a\u00e7\u0131klamas\u0131 (zorunlu)<br \/>\n<span class=\"wpcf7-form-control-wrap\" data-name=\"your-message\"><textarea cols=\"40\" rows=\"10\" maxlength=\"2000\" class=\"wpcf7-form-control wpcf7-textarea wpcf7-validates-as-required\" aria-required=\"true\" aria-invalid=\"false\" name=\"your-message\"><\/textarea><\/span><\/label>\n<\/p>\n<p><label>Dosya y\u00fckle (iste\u011fe ba\u011fl\u0131 \u2013 \u00f6rn. ekran g\u00f6r\u00fcnt\u00fcs\u00fc, belge \u2013 maks. 30 MB)<br \/>\n<span class=\"wpcf7-form-control-wrap\" data-name=\"your-file\"><input size=\"40\" class=\"wpcf7-form-control wpcf7-file\" accept=\".pdf,.jpg,.jpeg,.png,.zip,.doc,.docx\" aria-invalid=\"false\" type=\"file\" name=\"your-file\" \/><\/span><\/label>\n<\/p>\n<p><span class=\"wpcf7-form-control-wrap\" data-name=\"acceptance-71\"><span class=\"wpcf7-form-control wpcf7-acceptance\"><span class=\"wpcf7-list-item\"><label><input type=\"checkbox\" name=\"acceptance-71\" value=\"1\" aria-invalid=\"false\" \/><span class=\"wpcf7-list-item-label\"><a href=\"\/tr\/datenschutzerklaerung\" target=\"_blank\">Gizlilik Politikas\u0131n\u0131<\/a> okudum ve kabul ediyorum.<br \/><\/span><\/label><\/span><\/span><\/span>\n<\/p>\n<p><span class=\"wpcf7-form-control-wrap\" data-name=\"acceptance-786\"><span class=\"wpcf7-form-control wpcf7-acceptance\"><span class=\"wpcf7-list-item\"><label><input type=\"checkbox\" name=\"acceptance-786\" value=\"1\" aria-invalid=\"false\" \/><span class=\"wpcf7-list-item-label\">hhitxpress.de i\u015fletmecisinin benimle telefon veya e-posta yoluyla ileti\u015fime ge\u00e7mesine izin veriyorum.<\/span><\/label><\/span><\/span><\/span>\n<\/p>\n<p><input class=\"wpcf7-form-control wpcf7-submit has-spinner\" type=\"submit\" value=\"Teklif \u0130ste\" \/>\n<\/p><div class=\"wpcf7-response-output\" aria-hidden=\"true\"><\/div>\n<\/form>\n<\/div>\n\n","protected":false},"excerpt":{"rendered":"<p>Ba\u011flay\u0131c\u0131 olmayan ve \u00fccretsiz fiyat teklifi talep edin BT hizmetleri, teknik destek veya \u00f6zel donan\u0131m ve yaz\u0131l\u0131m \u00e7\u00f6z\u00fcmleri i\u00e7in yakla\u015f\u0131k maliyetleri \u00f6\u011frenmek mi istiyorsunuz?&#8230;<\/p>\n","protected":false},"author":1,"featured_media":0,"parent":0,"menu_order":0,"comment_status":"closed","ping_status":"closed","template":"","meta":{"footnotes":""},"class_list":["post-149","page","type-page","status-publish","hentry"],"_links":{"self":[{"href":"https:\/\/hhitxpress.de\/tr\/wp-json\/wp\/v2\/pages\/149","targetHints":{"allow":["GET"]}}],"collection":[{"href":"https:\/\/hhitxpress.de\/tr\/wp-json\/wp\/v2\/pages"}],"about":[{"href":"https:\/\/hhitxpress.de\/tr\/wp-json\/wp\/v2\/types\/page"}],"author":[{"embeddable":true,"href":"https:\/\/hhitxpress.de\/tr\/wp-json\/wp\/v2\/users\/1"}],"replies":[{"embeddable":true,"href":"https:\/\/hhitxpress.de\/tr\/wp-json\/wp\/v2\/comments?post=149"}],"version-history":[{"count":3,"href":"https:\/\/hhitxpress.de\/tr\/wp-json\/wp\/v2\/pages\/149\/revisions"}],"predecessor-version":[{"id":265,"href":"https:\/\/hhitxpress.de\/tr\/wp-json\/wp\/v2\/pages\/149\/revisions\/265"}],"wp:attachment":[{"href":"https:\/\/hhitxpress.de\/tr\/wp-json\/wp\/v2\/media?parent=149"}],"curies":[{"name":"wp","href":"https:\/\/api.w.org\/{rel}","templated":true}]}}