{"id":98,"date":"2025-08-03T20:57:23","date_gmt":"2025-08-03T18:57:23","guid":{"rendered":"https:\/\/hhitxpress.de\/?page_id=98"},"modified":"2025-12-06T12:40:42","modified_gmt":"2025-12-06T11:40:42","slug":"impressum","status":"publish","type":"page","link":"https:\/\/hhitxpress.de\/tr\/impressum\/","title":{"rendered":"Yasal Bilgilendirme (Impressum)"},"content":{"rendered":"<p><strong>Alman Telemedya Yasas\u0131 (TMG) uyar\u0131nca Yasal Bilgilendirme (Impressum)<\/strong><br \/>\nHHITxpress.de \u2013 Fatih Bayram<br \/>\nBireysel Giri\u015fimci<br \/>\nLudwig-Erhard-Stra\u00dfe 18<br \/>\n20459 Hamburg<br \/>\nAlmanya<\/p>\n<p><strong>\u0130leti\u015fim:<\/strong><br \/>\nE-posta: <a href=\"mailto:info@hhitxpress.de\">info@hhitxpress.de<\/a><br \/>\nTelefon: +49 1567 9684657<\/p>\n<p><strong>KDV Durumu:<\/strong><br \/>\nAlman Vergi Kanunu UStG \u00a7 19 uyar\u0131nca KDV hesaplanmamaktad\u0131r.<\/p>\n<p><strong>\u00a7 18 (2) MStV uyar\u0131nca editoryal i\u00e7erikten sorumlu ki\u015fi:<\/strong><br \/>\nFatih Bayram<br \/>\nLudwig-Erhard-Stra\u00dfe 18<br \/>\n20459 Hamburg<\/p>\n<p><strong>\u0130\u00e7erik Sorumlulu\u011fu:<\/strong><br \/>\nBir hizmet sa\u011flay\u0131c\u0131 olarak, TMG \u00a7 7 (1) uyar\u0131nca bu sayfalardaki kendi i\u00e7eriklerimden sorumluyum.<br \/>\nAncak TMG \u00a7\u00a7 8\u201310\u2019a g\u00f6re, \u00fc\u00e7\u00fcnc\u00fc taraflarca iletilen veya saklanan bilgileri denetleme<br \/>\nveya hukuka ayk\u0131r\u0131 bir faaliyete i\u015faret eden durumlar\u0131 ara\u015ft\u0131rma y\u00fck\u00fcml\u00fcl\u00fc\u011f\u00fcm yoktur.<br \/>\nGenel yasalar kapsam\u0131nda bilgilerin kald\u0131r\u0131lmas\u0131 veya engellenmesine y\u00f6nelik y\u00fck\u00fcml\u00fcl\u00fckler bundan etkilenmez.<br \/>\nSomut bir hukuka ayk\u0131r\u0131l\u0131k \u00f6\u011frenildi\u011finde sorumluluk do\u011far ve s\u00f6z konusu i\u00e7erik derhal kald\u0131r\u0131l\u0131r.<\/p>\n<p><strong>Harici Ba\u011flant\u0131larla \u0130lgili Sorumluluk:<\/strong><br \/>\nWeb sitemde \u00fc\u00e7\u00fcnc\u00fc taraf sitelere ait ba\u011flant\u0131lar bulunmaktad\u0131r ve bu sitelerin i\u00e7erikleri \u00fczerinde herhangi bir kontrol\u00fcm yoktur.<br \/>\nBu nedenle harici i\u00e7erikler i\u00e7in sorumluluk kabul edilemez.<br \/>\nBa\u011flant\u0131 verilen sitelerin i\u00e7eri\u011finden her zaman ilgili i\u015fletmeci sorumludur.<br \/>\nBa\u011flant\u0131 olu\u015fturuldu\u011fu tarihte hukuka ayk\u0131r\u0131 bir i\u00e7erik tespit edilmemi\u015ftir.<br \/>\nSomut bir ihlal belirtisi olmad\u0131k\u00e7a ba\u011flant\u0131l\u0131 sitelerin s\u00fcrekli olarak denetlenmesi makul de\u011fildir.<br \/>\nHerhangi bir hukuka ayk\u0131r\u0131l\u0131k tespit edilirse ilgili ba\u011flant\u0131lar derhal kald\u0131r\u0131l\u0131r.<\/p>\n<p><strong>Telif Hakk\u0131:<\/strong><br \/>\nBu web sitesindeki i\u00e7erik ve \u00e7al\u0131\u015fmalar Alman telif hakk\u0131 yasas\u0131na tabidir.<br \/>\nTelif hakk\u0131 s\u0131n\u0131rlar\u0131 d\u0131\u015f\u0131nda \u00e7o\u011faltma, d\u00fczenleme, da\u011f\u0131t\u0131m veya herhangi bir \u015fekilde kullan\u0131m<br \/>\nyazar\u0131n \u00f6nceden yaz\u0131l\u0131 iznini gerektirir.<br \/>\nBu sitenin indirilmesi ve kopyalanmas\u0131 yaln\u0131zca \u00f6zel ve ticari olmayan kullan\u0131m i\u00e7in izinlidir.<br \/>\nSitedeki baz\u0131 i\u00e7erikler site sahibi taraf\u0131ndan olu\u015fturulmam\u0131\u015fsa, \u00fc\u00e7\u00fcnc\u00fc taraflar\u0131n telif haklar\u0131na uyulur.<\/p>\n<p><strong>Ek Bilgiler:<\/strong><br \/>\n\u2013 Bu impressum, HHITxpress.de\u2019ye ait t\u00fcm sosyal medya hesaplar\u0131 i\u00e7in de ge\u00e7erlidir.<br \/>\n\u2013 T\u00fcm marka ve \u00fcr\u00fcn adlar\u0131 ilgili hak sahiplerine aittir.<\/p>\n","protected":false},"excerpt":{"rendered":"<p>Alman Telemedya Yasas\u0131 (TMG) uyar\u0131nca Yasal Bilgilendirme (Impressum) HHITxpress.de \u2013 Fatih Bayram Bireysel Giri\u015fimci Ludwig-Erhard-Stra\u00dfe 18 20459 Hamburg Almanya \u0130leti\u015fim: E-posta: info@hhitxpress.de Telefon: +49&#8230;<\/p>\n","protected":false},"author":1,"featured_media":0,"parent":0,"menu_order":0,"comment_status":"closed","ping_status":"closed","template":"","meta":{"footnotes":""},"class_list":["post-98","page","type-page","status-publish","hentry"],"_links":{"self":[{"href":"https:\/\/hhitxpress.de\/tr\/wp-json\/wp\/v2\/pages\/98","targetHints":{"allow":["GET"]}}],"collection":[{"href":"https:\/\/hhitxpress.de\/tr\/wp-json\/wp\/v2\/pages"}],"about":[{"href":"https:\/\/hhitxpress.de\/tr\/wp-json\/wp\/v2\/types\/page"}],"author":[{"embeddable":true,"href":"https:\/\/hhitxpress.de\/tr\/wp-json\/wp\/v2\/users\/1"}],"replies":[{"embeddable":true,"href":"https:\/\/hhitxpress.de\/tr\/wp-json\/wp\/v2\/comments?post=98"}],"version-history":[{"count":19,"href":"https:\/\/hhitxpress.de\/tr\/wp-json\/wp\/v2\/pages\/98\/revisions"}],"predecessor-version":[{"id":341,"href":"https:\/\/hhitxpress.de\/tr\/wp-json\/wp\/v2\/pages\/98\/revisions\/341"}],"wp:attachment":[{"href":"https:\/\/hhitxpress.de\/tr\/wp-json\/wp\/v2\/media?parent=98"}],"curies":[{"name":"wp","href":"https:\/\/api.w.org\/{rel}","templated":true}]}}